{"id":10,"date":"2022-01-29T15:21:12","date_gmt":"2022-01-29T18:21:12","guid":{"rendered":"http:\/\/focandoemmelhorias.com\/?page_id=10"},"modified":"2024-09-22T14:19:08","modified_gmt":"2024-09-22T17:19:08","slug":"sobre","status":"publish","type":"page","link":"https:\/\/focandoemmelhorias.com\/?page_id=10","title":{"rendered":"Sobre"},"content":{"rendered":"\n<p>Blog Focando em Melhorias, em que se apresentam posts em diversas disciplinas, notadamente no que podemos denominar &#8220;Economia Renovadora das Bases Globalizadas.&#8221;<\/p>\n\n\n\n<p>Demais posts apresentados de forma a focar em sugest\u00f5es de melhorias, nos seguintes temas:<\/p>\n\n\n\n<p>-Meio ambiente;<br>-Com\u00e9rcio;<br>-Capacita\u00e7\u00e3o Pol\u00edtica;<br>-Direitos Humanos;<br>-Tecnologia;<br>-Sa\u00fade;<br>-Ind\u00fastria;<br>-Seguran\u00e7a;<br>-Pol\u00edtica<\/p>\n","protected":false},"excerpt":{"rendered":"<p>Blog Focando em Melhorias, em que se apresentam posts em diversas disciplinas, notadamente no que podemos denominar &#8220;Economia Renovadora das Bases Globalizadas.&#8221; Demais posts apresentados de forma a focar em sugest\u00f5es de melhorias, nos seguintes temas: -Meio ambiente;-Com\u00e9rcio;-Capacita\u00e7\u00e3o Pol\u00edtica;-Direitos Humanos;-Tecnologia;-Sa\u00fade;-Ind\u00fastria;-Seguran\u00e7a;-Pol\u00edtica<\/p>\n","protected":false},"author":1,"featured_media":0,"parent":0,"menu_order":0,"comment_status":"closed","ping_status":"closed","template":"","meta":{"om_disable_all_campaigns":false,"_monsterinsights_skip_tracking":false,"_monsterinsights_sitenote_active":false,"_monsterinsights_sitenote_note":"","_monsterinsights_sitenote_category":0,"footnotes":""},"class_list":["post-10","page","type-page","status-publish","hentry"],"aioseo_notices":[],"jetpack_sharing_enabled":true,"_links":{"self":[{"href":"https:\/\/focandoemmelhorias.com\/index.php?rest_route=\/wp\/v2\/pages\/10","targetHints":{"allow":["GET"]}}],"collection":[{"href":"https:\/\/focandoemmelhorias.com\/index.php?rest_route=\/wp\/v2\/pages"}],"about":[{"href":"https:\/\/focandoemmelhorias.com\/index.php?rest_route=\/wp\/v2\/types\/page"}],"author":[{"embeddable":true,"href":"https:\/\/focandoemmelhorias.com\/index.php?rest_route=\/wp\/v2\/users\/1"}],"replies":[{"embeddable":true,"href":"https:\/\/focandoemmelhorias.com\/index.php?rest_route=%2Fwp%2Fv2%2Fcomments&post=10"}],"version-history":[{"count":3,"href":"https:\/\/focandoemmelhorias.com\/index.php?rest_route=\/wp\/v2\/pages\/10\/revisions"}],"predecessor-version":[{"id":317,"href":"https:\/\/focandoemmelhorias.com\/index.php?rest_route=\/wp\/v2\/pages\/10\/revisions\/317"}],"wp:attachment":[{"href":"https:\/\/focandoemmelhorias.com\/index.php?rest_route=%2Fwp%2Fv2%2Fmedia&parent=10"}],"curies":[{"name":"wp","href":"https:\/\/api.w.org\/{rel}","templated":true}]}}